{"id":104,"date":"2021-11-10T11:15:10","date_gmt":"2021-11-10T10:15:10","guid":{"rendered":"https:\/\/fbaprepcenteritaly.com\/?page_id=104"},"modified":"2025-08-11T11:23:09","modified_gmt":"2025-08-11T09:23:09","slug":"prices","status":"publish","type":"page","link":"https:\/\/fbaprepcenteritaly.com\/it\/prices\/","title":{"rendered":"Prezzi"},"content":{"rendered":"<div data-elementor-type=\"wp-page\" data-elementor-id=\"104\" class=\"elementor elementor-104\">\n\t\t\t\t\t\t<section class=\"elementor-section elementor-top-section elementor-element elementor-element-71faaef0 elementor-section-boxed elementor-section-height-default elementor-section-height-default\" data-id=\"71faaef0\" data-element_type=\"section\">\n\t\t\t\t\t\t<div class=\"elementor-container elementor-column-gap-default\">\n\t\t\t\t\t<div class=\"elementor-column elementor-col-100 elementor-top-column elementor-element elementor-element-59d08897\" data-id=\"59d08897\" data-element_type=\"column\">\n\t\t\t<div class=\"elementor-widget-wrap elementor-element-populated\">\n\t\t\t\t\t\t<div class=\"elementor-element elementor-element-2b2e314 elementor-widget elementor-widget-text-editor\" data-id=\"2b2e314\" data-element_type=\"widget\" data-widget_type=\"text-editor.default\">\n\t\t\t\t<div class=\"elementor-widget-container\">\n\t\t\t\t\t\t\t\t\t<h1 data-start=\"99\" data-end=\"144\">Trasparenza totale, nessuna sorpresa<\/h1><p class=\"\" data-start=\"42\" data-end=\"467\">Abbiamo vissuto in prima persona le sfide della vendita su Amazon e sappiamo quanto sia fondamentale avere <strong data-start=\"173\" data-end=\"212\">chiarezza e prevedibilit\u00e0 nei costi<\/strong>. Per questo, nel nostro Prep Center, puntiamo alla <strong data-start=\"276\" data-end=\"300\">massima trasparenza<\/strong>. Nessun costo nascosto, nessuna complicazione: con noi, tutto \u00e8 chiaro e semplice fin dal primo momento. <span data-start=\"411\" data-end=\"467\"><b>Sai sempre quanto pagherai. Nessuna sorpresa.<\/b><\/span><span style=\"font-family: inherit; font-size: inherit; font-style: inherit; font-variant-ligatures: inherit; font-variant-caps: inherit; color: var(--theme-text-color); letter-spacing: var(--theme-letter-spacing); text-transform: var(--theme-text-transform);\"><b><br \/><\/b><strong data-start=\"85\" data-end=\"216\">Il nostro sistema di prezzi \u00e8 stato progettato per semplificare la vostra logistica: un'unica tariffa di movimentazione per unit\u00e0 che include tutti i servizi essenziali.<\/strong><br data-start=\"216\" data-end=\"219\" \/>Niente pi\u00f9 costi separati per ricezione e spedizione, non dovrete pi\u00f9 pagare importi variabili per unit\u00e0, scatole o pallet ricevuti o spediti o tariffe di gestione che aumentano con la dimensione dei prodotti. Una soluzione chiara, prevedibile e senza sorprese.<br data-start=\"463\" data-end=\"466\" \/><strong>E la convenienza cresce con voi: pi\u00f9 prodotti inviate, pi\u00f9 il prezzo unitario si abbassa.<\/strong><br \/><\/span><\/p>\t\t\t\t\t\t\t\t<\/div>\n\t\t\t\t<\/div>\n\t\t\t\t<div class=\"elementor-element elementor-element-22ec099 elementor-widget elementor-widget-html\" data-id=\"22ec099\" data-element_type=\"widget\" data-widget_type=\"html.default\">\n\t\t\t\t<div class=\"elementor-widget-container\">\n\t\t\t\t\t<style>\n    .price-table-container {\n        display: flex;\n        justify-content: center; \/* Centers the table horizontally *\/\n        margin: 20px 0;\n    }\n    .price-table {\n        width: 400px;\n        border-collapse: collapse;\n        font-size: 16px;\n        text-align: left;\n    }\n    .price-table th {\n        background-color: #D6EDF6;\n        padding: 7px;\n        border: 1px solid #cccccc;\n        text-align: left; \/* Matches the alignment of content *\/\n    }\n    .price-table td {\n        padding: 7px;\n        border: 1px solid #cccccc;\n        height: 26px;\n    }\n    .price-table tr:nth-child(even) {\n        background-color: #F0F0F0;\n    }\n    .price-table tr:nth-child(odd) {\n        background-color: #FAFAFA;\n    }\n    .price-table td:last-child,\n    .price-table th:last-child {\n        text-align: center; \/* Center-aligns the Price column *\/\n    }\n<\/style>\n\n<div class=\"price-table-container\">\n    <table class=\"price-table\">\n        <tr>\n            <th>Unit\u00e0 per mese<\/th>\n            <th>Prezzo per unit\u00e0 (\u20ac)<\/th>\n        <\/tr>\n        <tr>\n            <td>Fino a 3.000 unit\u00e0<\/td>\n            <td>0.60<\/td>\n        <\/tr>\n        <tr>\n            <td>Fino a 5.000 unit\u00e0<\/td>\n            <td>0.55<\/td>\n        <\/tr>\n        <tr>\n            <td>Oltre 7.000 unit\u00e0<\/td>\n            <td>0.50    <\/td>\n        <\/tr>\n    <\/table>\n<\/div>\n\t\t\t\t<\/div>\n\t\t\t\t<\/div>\n\t\t\t\t<div class=\"elementor-element elementor-element-a57c390 elementor-widget elementor-widget-text-editor\" data-id=\"a57c390\" data-element_type=\"widget\" data-widget_type=\"text-editor.default\">\n\t\t\t\t<div class=\"elementor-widget-container\">\n\t\t\t\t\t\t\t\t\t<p>Il prezzo per unit\u00e0 comprende tutti i seguenti servizi:<br \/>\u00a0 \u00a0\u2705  Ricevimento merci e disimballaggio di scatole o pallet<br data-start=\"113\" data-end=\"116\" \/>\u00a0 \u00a0\ud83d\udd0d\u00a0 Ispezione accurata di ogni unit\u00e0<br data-start=\"155\" data-end=\"158\" \/>\u00a0 \u00a0\ud83d\udcf8\u00a0 Fotografie in caso di danni rilevati<br data-start=\"200\" data-end=\"203\" \/>\u00a0 \u00a0\ud83c\udff7\ufe0f\u00a0 Applicazione etichette FNSKU se richieste<br data-start=\"246\" data-end=\"249\" \/>\u00a0 \u00a0\ud83d\udce6\u00a0 Imballaggio conforme ai requisiti Amazon<br data-start=\"300\" data-end=\"303\" \/>\u00a0 \u00a0\ud83d\udcd1\u00a0 Preparazione e etichettatura dei pacchi per la spedizione<br data-start=\"354\" data-end=\"357\" \/>\u00a0 \u00a0\ud83d\ude9a\u00a0 Coordinamento e prenotazione del corriere<br data-start=\"396\" data-end=\"399\" \/>\u00a0 \u00a0\ud83d\udce4\u00a0 Consegna dei pacchi al trasportatore<br data-start=\"440\" data-end=\"443\" \/>\u00a0 \u00a0\ud83d\uddc4\ufe0f\u00a0 Stoccaggio gratuito fino a 7 giorni<\/p><p>Oltre al prezzo per unit\u00e0, si deve considerare l'abbonamento mensile, il costo dei materiali utilizzati e gli eventuali servizi aggiuntivi richiesti.<\/p>\t\t\t\t\t\t\t\t<\/div>\n\t\t\t\t<\/div>\n\t\t\t\t<div class=\"elementor-element elementor-element-6fc3ef3 elementor-widget elementor-widget-text-editor\" data-id=\"6fc3ef3\" data-element_type=\"widget\" data-widget_type=\"text-editor.default\">\n\t\t\t\t<div class=\"elementor-widget-container\">\n\t\t\t\t\t\t\t\t\t<h3>Abbonamento mensile<\/h3>\t\t\t\t\t\t\t\t<\/div>\n\t\t\t\t<\/div>\n\t\t\t\t<div class=\"elementor-element elementor-element-e99caba elementor-widget elementor-widget-text-editor\" data-id=\"e99caba\" data-element_type=\"widget\" data-widget_type=\"text-editor.default\">\n\t\t\t\t<div class=\"elementor-widget-container\">\n\t\t\t\t\t\t\t\t\t<p>L'abbonamento mensile di <strong data-start=\"59\" data-end=\"70\">\u20ac 49.90<\/strong> include la gestione completa di <strong data-start=\"105\" data-end=\"127\">50 unit\u00e0 al mese<\/strong>, con tutti i servizi essenziali gi\u00e0 compresi. \u00c8 la soluzione ideale per garantire continuit\u00e0 e ottimizzare la tua operativit\u00e0.<\/p>\t\t\t\t\t\t\t\t<\/div>\n\t\t\t\t<\/div>\n\t\t\t\t<div class=\"elementor-element elementor-element-4fcd874 elementor-widget elementor-widget-text-editor\" data-id=\"4fcd874\" data-element_type=\"widget\" data-widget_type=\"text-editor.default\">\n\t\t\t\t<div class=\"elementor-widget-container\">\n\t\t\t\t\t\t\t\t\t<h3>Servizi Extra<\/h3>\t\t\t\t\t\t\t\t<\/div>\n\t\t\t\t<\/div>\n\t\t\t\t<div class=\"elementor-element elementor-element-ecc912d elementor-widget elementor-widget-text-editor\" data-id=\"ecc912d\" data-element_type=\"widget\" data-widget_type=\"text-editor.default\">\n\t\t\t\t<div class=\"elementor-widget-container\">\n\t\t\t\t\t\t\t\t\t<p>I servizi extra sono tutti quelli non inclusi nel prezzo di gestione unitario. L'unico servizio standardizzato \u00e8 la creazione di bundle; per tutti gli altri servizi personalizzati verr\u00e0 fornito un preventivo specifico caso per caso.<\/p>\t\t\t\t\t\t\t\t<\/div>\n\t\t\t\t<\/div>\n\t\t\t\t<div class=\"elementor-element elementor-element-122074e elementor-widget elementor-widget-html\" data-id=\"122074e\" data-element_type=\"widget\" data-widget_type=\"html.default\">\n\t\t\t\t<div class=\"elementor-widget-container\">\n\t\t\t\t\t<style>\n    .price-table-container {\n        display: flex;\n        justify-content: center; \/* Centers the table horizontally *\/\n        margin: 20px 0;\n    }\n    .price-table {\n        width: 350px;\n        border-collapse: collapse;\n        font-size: 16px;\n        text-align: left;\n    }\n    .price-table th {\n        background-color: #D6EDF6;\n        padding: 7px;\n        border: 1px solid #cccccc;\n        text-align: left; \/* Aligns headers like the content *\/\n    }\n    .price-table td {\n        padding: 7px;\n        border: 1px solid #cccccc;\n        height: 26px;\n    }\n    .price-table tr:nth-child(even) {\n        background-color: #F0F0F0;\n    }\n    .price-table tr:nth-child(odd) {\n        background-color: #FAFAFA;\n    }\n    .price-table td:last-child,\n    .price-table th:last-child {\n        text-align: center; \/* Centers the price column *\/\n    }\n<\/style>\n\n<div class=\"price-table-container\">\n    <table class=\"price-table\">\n        <tr>\n            <th>Bundle<\/th>\n            <th>Costo addizionale per unit\u00e0 (\u20ac)<\/th>\n        <\/tr>\n        <tr>\n            <td>Seconda unit\u00e0<\/td>\n            <td>+0.40<\/td>\n        <\/tr>\n        <tr>\n            <td>Dalla terza unit\u00e0 in poi<\/td>\n            <td>+0.30<\/td>\n        <\/tr>\n    <\/table>\n<\/div>\n\t\t\t\t<\/div>\n\t\t\t\t<\/div>\n\t\t\t\t<div class=\"elementor-element elementor-element-811ddd4 elementor-widget elementor-widget-text-editor\" data-id=\"811ddd4\" data-element_type=\"widget\" data-widget_type=\"text-editor.default\">\n\t\t\t\t<div class=\"elementor-widget-container\">\n\t\t\t\t\t\t\t\t\t<p>I prezzi possono variare in caso di particolare complessit\u00e0 del bundle.<br \/><span style=\"text-decoration: underline;\">Esempio di calcolo del prezzo di un bundle di 4 unit\u00e0:<\/span><br \/>\u20ac0.55 (prezzo base) + \u20ac0.40 (prezzo seconda unit\u00e0) + \u20ac0.30 (prezzo terza unit\u00e0) + \u20ac0.30 (prezzo quarta unit\u00e0) + 0.15 (sacchetto) = <strong data-start=\"230\" data-end=\"239\">\u20ac1.70<\/strong>.<\/p>\t\t\t\t\t\t\t\t<\/div>\n\t\t\t\t<\/div>\n\t\t\t\t<div class=\"elementor-element elementor-element-3cdd5db elementor-widget elementor-widget-text-editor\" data-id=\"3cdd5db\" data-element_type=\"widget\" data-widget_type=\"text-editor.default\">\n\t\t\t\t<div class=\"elementor-widget-container\">\n\t\t\t\t\t\t\t\t\t<h3>Costo del materiale<\/h3><h4>Sacchetti<\/h4>\t\t\t\t\t\t\t\t<\/div>\n\t\t\t\t<\/div>\n\t\t\t\t<div class=\"elementor-element elementor-element-249e9c9 elementor-widget elementor-widget-text-editor\" data-id=\"249e9c9\" data-element_type=\"widget\" data-widget_type=\"text-editor.default\">\n\t\t\t\t<div class=\"elementor-widget-container\">\n\t\t\t\t\t\t\t\t\t<p>Sacchetti in polipropilene autosigillanti<\/p>\t\t\t\t\t\t\t\t<\/div>\n\t\t\t\t<\/div>\n\t\t\t\t<div class=\"elementor-element elementor-element-2e5df0e elementor-widget elementor-widget-html\" data-id=\"2e5df0e\" data-element_type=\"widget\" data-widget_type=\"html.default\">\n\t\t\t\t<div class=\"elementor-widget-container\">\n\t\t\t\t\t<style>\n    .price-table-container {\n        display: flex;\n        justify-content: center; \/* Centers the table horizontally *\/\n        margin: 20px 0;\n    }\n    .price-table {\n        width: 400px;\n        border-collapse: collapse;\n        font-size: 16px;\n        text-align: center; \/* Centers all content *\/\n    }\n    .price-table th {\n        background-color: #D6EDF6;\n        padding: 7px;\n        border: 1px solid #cccccc;\n        text-align: center; \/* Centers the headers *\/\n    }\n    .price-table td {\n        padding: 7px;\n        border: 1px solid #cccccc;\n        height: 26px;\n    }\n    .price-table tr:nth-child(even) {\n        background-color: #F0F0F0;\n    }\n    .price-table tr:nth-child(odd) {\n        background-color: #FAFAFA;\n    }\n<\/style>\n\n<div class=\"price-table-container\">\n    <table class=\"price-table\">\n        <tr>\n            <th>Dimensione sacchetto<\/th>\n            <th>Fino a cm<\/th>\n            <th>Prezzo (\u20ac)<\/th>\n        <\/tr>\n        <tr>\n            <td>S<\/td>\n            <td>12x24<\/td>\n            <td>0.20<\/td>\n        <\/tr>\n        <tr>\n            <td>M<\/td>\n            <td>20x35<\/td>\n            <td>0.25<\/td>\n        <\/tr>\n        <tr>\n            <td>L<\/td>\n            <td>30x40<\/td>\n            <td>0.30<\/td>\n        <\/tr>\n        <tr>\n            <td>XL<\/td>\n            <td>35x45<\/td>\n            <td>0.35<\/td>\n        <\/tr>\n        <tr>\n            <td>XXL<\/td>\n            <td>40x50<\/td>\n            <td>0.42<\/td>\n        <\/tr>\n    <\/table>\n<\/div>\n\t\t\t\t<\/div>\n\t\t\t\t<\/div>\n\t\t\t\t<div class=\"elementor-element elementor-element-a705157 elementor-widget elementor-widget-text-editor\" data-id=\"a705157\" data-element_type=\"widget\" data-widget_type=\"text-editor.default\">\n\t\t\t\t<div class=\"elementor-widget-container\">\n\t\t\t\t\t\t\t\t\t<h4>Pluriball<\/h4><p>Per proteggere i tuoi prodotti fragili<\/p>\t\t\t\t\t\t\t\t<\/div>\n\t\t\t\t<\/div>\n\t\t\t\t<div class=\"elementor-element elementor-element-13f04c2 elementor-widget elementor-widget-html\" data-id=\"13f04c2\" data-element_type=\"widget\" data-widget_type=\"html.default\">\n\t\t\t\t<div class=\"elementor-widget-container\">\n\t\t\t\t\t<style>\n    .price-table-container {\n        display: flex;\n        justify-content: center; \/* Centers the table horizontally *\/\n        margin: 20px 0;\n    }\n    .price-table {\n        width: 450px;\n        border-collapse: collapse;\n        font-size: 16px;\n        text-align: center; \/* Centers all content *\/\n    }\n    .price-table th {\n        background-color: #D6EDF6;\n        padding: 7px;\n        border: 1px solid #cccccc;\n        text-align: center; \/* Centers the headers *\/\n    }\n    .price-table td {\n        padding: 7px;\n        border: 1px solid #cccccc;\n        height: 26px;\n    }\n    .price-table tr:nth-child(even) {\n        background-color: #F0F0F0;\n    }\n    .price-table tr:nth-child(odd) {\n        background-color: #FAFAFA;\n    }\n<\/style>\n\n<div class=\"price-table-container\">\n    <table class=\"price-table\">\n        <tr>\n            <th>Dimensione pluriball<\/th>\n            <th>Fino a cm<\/th>\n            <th>Prezzo (\u20ac)<\/th>\n        <\/tr>\n        <tr>\n            <td>S<\/td>\n            <td>15x20<\/td>\n            <td>0.35<\/td>\n        <\/tr>\n        <tr>\n            <td>M<\/td>\n            <td>20x26<\/td>\n            <td>0.42<\/td>\n        <\/tr>\n        <tr>\n            <td>L<\/td>\n            <td>25x34<\/td>\n            <td>0.51<\/td>\n        <\/tr>\n        <tr>\n            <td>XL<\/td>\n            <td>30x40<\/td>\n            <td>0.59<\/td>\n        <\/tr>\n        <tr>\n            <td>XXL<\/td>\n            <td>45x60<\/td>\n            <td>0.73<\/td>\n        <\/tr>\n    <\/table>\n<\/div>\n\t\t\t\t<\/div>\n\t\t\t\t<\/div>\n\t\t\t\t<div class=\"elementor-element elementor-element-433187f elementor-widget elementor-widget-text-editor\" data-id=\"433187f\" data-element_type=\"widget\" data-widget_type=\"text-editor.default\">\n\t\t\t\t<div class=\"elementor-widget-container\">\n\t\t\t\t\t\t\t\t\t<h4>Scatole<\/h4><p>Scatole per la spedizione della merce<\/p>\t\t\t\t\t\t\t\t<\/div>\n\t\t\t\t<\/div>\n\t\t\t\t<div class=\"elementor-element elementor-element-6b729f1 elementor-widget elementor-widget-html\" data-id=\"6b729f1\" data-element_type=\"widget\" data-widget_type=\"html.default\">\n\t\t\t\t<div class=\"elementor-widget-container\">\n\t\t\t\t\t<style>\n    .price-table-container {\n        display: flex;\n        justify-content: center; \/* Centers the table horizontally *\/\n        margin: 20px 0;\n    }\n    .price-table {\n        width: 450px;\n        border-collapse: collapse;\n        font-size: 16px;\n        text-align: center; \/* Centers all content *\/\n    }\n    .price-table th {\n        background-color: #D6EDF6;\n        padding: 7px;\n        border: 1px solid #cccccc;\n        text-align: center; \/* Centers the headers *\/\n    }\n    .price-table td {\n        padding: 7px;\n        border: 1px solid #cccccc;\n        height: 26px;\n    }\n    .price-table tr:nth-child(even) {\n        background-color: #F0F0F0;\n    }\n    .price-table tr:nth-child(odd) {\n        background-color: #FAFAFA;\n    }\n<\/style>\n\n<div class=\"price-table-container\">\n    <table class=\"price-table\">\n        <tr>\n            <th>Dimensione scatola<\/th>\n            <th>Fino a cm<\/th>\n            <th>Prezzo (\u20ac)<\/th>\n        <\/tr>\n        <tr>\n            <td>Piccola<\/td>\n            <td>30x30x30<\/td>\n            <td>1.90<\/td>\n        <\/tr>\n        <tr>\n            <td>Media<\/td>\n            <td>45x45x45<\/td>\n            <td>2.90<\/td>\n        <\/tr>\n        <tr>\n            <td>Grande<\/td>\n            <td>60x60x60<\/td>\n            <td>3.90<\/td>\n        <\/tr>\n    <\/table>\n<\/div>\n\t\t\t\t<\/div>\n\t\t\t\t<\/div>\n\t\t\t\t<div class=\"elementor-element elementor-element-28d2516 elementor-widget elementor-widget-text-editor\" data-id=\"28d2516\" data-element_type=\"widget\" data-widget_type=\"text-editor.default\">\n\t\t\t\t<div class=\"elementor-widget-container\">\n\t\t\t\t\t\t\t\t\t<h4><span style=\"font-family: inherit; font-size: inherit; font-style: inherit; font-variant-ligatures: inherit; font-variant-caps: inherit; font-weight: inherit; letter-spacing: var(--theme-letter-spacing); text-transform: var(--theme-text-transform);\">Pallet<\/span><\/h4><div>Preparazione del bancale incluso il pallet standard EPAL richiesto da Amazon<span style=\"font-family: inherit; font-size: inherit; font-style: inherit; font-variant-ligatures: inherit; font-variant-caps: inherit; font-weight: inherit; letter-spacing: var(--theme-letter-spacing); text-transform: var(--theme-text-transform);\">: <strong>\u20ac 36.90<\/strong><\/span><\/div>\t\t\t\t\t\t\t\t<\/div>\n\t\t\t\t<\/div>\n\t\t\t\t<div class=\"elementor-element elementor-element-6bda0f7 elementor-widget elementor-widget-text-editor\" data-id=\"6bda0f7\" data-element_type=\"widget\" data-widget_type=\"text-editor.default\">\n\t\t\t\t<div class=\"elementor-widget-container\">\n\t\t\t\t\t\t\t\t\t<h3>Altri servizi<\/h3><h4>Inoltro colli<\/h4>\t\t\t\t\t\t\t\t<\/div>\n\t\t\t\t<\/div>\n\t\t\t\t<div class=\"elementor-element elementor-element-551c8c0 elementor-widget elementor-widget-html\" data-id=\"551c8c0\" data-element_type=\"widget\" data-widget_type=\"html.default\">\n\t\t\t\t<div class=\"elementor-widget-container\">\n\t\t\t\t\t<style>\n    .price-table-container {\n        display: flex;\n        justify-content: center; \/* Centers the table horizontally *\/\n        margin: 20px 0;\n    }\n    .price-table {\n        width: 450px;\n        border-collapse: collapse;\n        font-size: 16px;\n        text-align: center; \/* Centers all content *\/\n    }\n    .price-table th {\n        background-color: #D6EDF6;\n        padding: 7px;\n        border: 1px solid #cccccc;\n        text-align: center; \/* Centers the headers *\/\n    }\n    .price-table td {\n        padding: 7px;\n        border: 1px solid #cccccc;\n        height: 26px;\n    }\n    .price-table tr:nth-child(even) {\n        background-color: #F0F0F0;\n    }\n    .price-table tr:nth-child(odd) {\n        background-color: #FAFAFA;\n    }\n<\/style>\n\n<div class=\"price-table-container\">\n    <table class=\"price-table\">\n        <tr>\n            <th>Peso del collo<\/th>\n            <th>Prezzo (\u20ac)<\/th>\n        <\/tr>\n        <tr>\n            <td>Fino a 15.9 Kg<\/td>\n            <td>4.00<\/td>\n        <\/tr>\n        <tr>\n            <td>Fino a 23 Kg<\/td>\n            <td>4.50<\/td>\n        <\/tr>\n        <tr>\n            <td>Oltre 23 Kg<\/td>\n            <td>Da definire<\/td>\n        <\/tr>\n    <\/table>\n<\/div>\n\t\t\t\t<\/div>\n\t\t\t\t<\/div>\n\t\t\t\t<div class=\"elementor-element elementor-element-37bd41b elementor-widget elementor-widget-text-editor\" data-id=\"37bd41b\" data-element_type=\"widget\" data-widget_type=\"text-editor.default\">\n\t\t\t\t<div class=\"elementor-widget-container\">\n\t\t\t\t\t\t\t\t\t<p>Il prezzo comprende tutti i seguenti servizi:<br \/>\u00a0 \u00a0\u2705  Ricevimento merci: Gestiamo l'arrivo e la registrazione di tutte le tue spedizioni.<br \/>\u00a0 \u00a0\ud83d\udd0d  Ispezione esterna delle scatole: Controllo visivo per garantire l\u2019integrit\u00e0 dei colli.<br \/>\u00a0 \u00a0\ud83d\udcf8  Foto e apertura in caso di danni: Documentiamo eventuali danni con foto e, se necessario, apriamo il pacco.<br \/>\u00a0 \u00a0\ud83d\udce6  Creazione della spedizione: Creiamo la spedizione direttamente su Amazon Seller Central.<br \/>\u00a0 \u00a0\ud83d\udda8\ufe0f  Stampa e applicazione delle etichette: Generiamo e applichiamo le etichette corrette sui colli.<br \/>\u00a0 \u00a0\ud83d\ude9a  Prenotazione del corriere: Organizziamo e prenotiamo il ritiro con il corriere.<br \/>\u00a0 \u00a0\ud83d\udce4  Consegna dei colli: Ci assicuriamo che le scatole vengano consegnate in sicurezza al trasportatore.<br \/>\u00a0 \u00a0\ud83d\uddc4\ufe0f  Stoccaggio 7 giorni: Stoccaggio gratuito fino a 7 giorni, se necessario.<\/p>\t\t\t\t\t\t\t\t<\/div>\n\t\t\t\t<\/div>\n\t\t\t\t<div class=\"elementor-element elementor-element-0ac239f elementor-widget elementor-widget-text-editor\" data-id=\"0ac239f\" data-element_type=\"widget\" data-widget_type=\"text-editor.default\">\n\t\t\t\t<div class=\"elementor-widget-container\">\n\t\t\t\t\t\t\t\t\t<h4><span style=\"font-family: inherit; font-size: inherit; font-style: inherit; font-variant-ligatures: inherit; font-variant-caps: inherit; font-weight: inherit; letter-spacing: var(--theme-letter-spacing); text-transform: var(--theme-text-transform);\">Inoltro\u00a0<\/span><span style=\"font-family: var(--theme-font-family); font-variant-ligatures: inherit; font-variant-caps: inherit; letter-spacing: var(--theme-letter-spacing); text-transform: var(--theme-text-transform);\">pallet<\/span><\/h4><div><span style=\"font-family: inherit; font-size: inherit; font-style: inherit; font-variant-ligatures: inherit; font-variant-caps: inherit; font-weight: inherit; letter-spacing: var(--theme-letter-spacing); text-transform: var(--theme-text-transform);\">Prezzo:\u00a0<strong>\u20ac 10.90<\/strong><\/span><\/div>\t\t\t\t\t\t\t\t<\/div>\n\t\t\t\t<\/div>\n\t\t\t\t<div class=\"elementor-element elementor-element-1a729bc elementor-widget elementor-widget-text-editor\" data-id=\"1a729bc\" data-element_type=\"widget\" data-widget_type=\"text-editor.default\">\n\t\t\t\t<div class=\"elementor-widget-container\">\n\t\t\t\t\t\t\t\t\t<p>Il prezzo comprende tutti i seguenti servizi:<br \/>\u00a0 \u00a0\u2705  Ricevimento merci: Gestiamo l'arrivo e la registrazione di tutte le tue spedizioni.<br \/>\u00a0 \u00a0\ud83d\udd0d  Ispezione esterna delle scatole: Controllo visivo per garantire l\u2019integrit\u00e0 dei colli.<br \/>\u00a0 \u00a0\ud83d\udcf8  Foto e apertura in caso di danni: Documentiamo eventuali danni con foto e, se necessario, apriamo il pacco.<br \/>\u00a0 \u00a0\ud83d\udce6  Creazione della spedizione: Creiamo la spedizione direttamente su Amazon Seller Central.<br \/>\u00a0 \u00a0\ud83d\udda8\ufe0f  Stampa e applicazione delle etichette: Generiamo e applichiamo le etichette corrette sui colli.<br \/>\u00a0 \u00a0\ud83d\ude9a  Prenotazione del corriere: Organizziamo e prenotiamo il ritiro con il corriere.<br \/>\u00a0 \u00a0\ud83d\udce4  Consegna dei colli: Ci assicuriamo che le scatole vengano consegnate in sicurezza al trasportatore.<br \/>\u00a0 \u00a0\ud83d\uddc4\ufe0f  Stoccaggio 7 giorni: Stoccaggio gratuito fino a 7 giorni, se necessario.<br \/><br \/><strong data-start=\"952\" data-end=\"961\">Nota:<\/strong> Se si verificano danni e le scatole devono essere aperte, il costo per la ricomposizione del pallet dipende da quanto \u00e8 stato smontato. Per una ricomposizione completa, pu\u00f2 essere applicato un costo aggiuntivo fino a <strong data-start=\"1153\" data-end=\"1161\">\u20ac 15<\/strong> .<\/p>\t\t\t\t\t\t\t\t<\/div>\n\t\t\t\t<\/div>\n\t\t\t\t<div class=\"elementor-element elementor-element-272b43a elementor-widget elementor-widget-text-editor\" data-id=\"272b43a\" data-element_type=\"widget\" data-widget_type=\"text-editor.default\">\n\t\t\t\t<div class=\"elementor-widget-container\">\n\t\t\t\t\t\t\t\t\t<h4>Prezzo di stoccaggio<\/h4><div><span style=\"font-family: inherit; font-size: inherit; font-style: inherit; font-variant-ligatures: inherit; font-variant-caps: inherit; font-weight: inherit; letter-spacing: var(--theme-letter-spacing); text-transform: var(--theme-text-transform);\">Prezzo:\u00a0<strong>\u20ac 13.00 <\/strong>per metro cubo al mese<\/span><\/div>\t\t\t\t\t\t\t\t<\/div>\n\t\t\t\t<\/div>\n\t\t\t\t\t<\/div>\n\t\t<\/div>\n\t\t\t\t\t<\/div>\n\t\t<\/section>\n\t\t\t\t<\/div>","protected":false},"excerpt":{"rendered":"<p>Total Transparency, No Surprises We have personally experienced the challenges of selling on Amazon, and we understand how essential it is for every seller to have clarity and predictability in costs. That&#8217;s why, at our Prep Center, we are committed to providing maximum transparency. No hidden costs, no complications: with us, everything is clear and [&hellip;]<\/p>","protected":false},"author":1,"featured_media":0,"parent":0,"menu_order":0,"comment_status":"closed","ping_status":"closed","template":"","meta":{"footnotes":""},"class_list":["post-104","page","type-page","status-publish","hentry"],"blocksy_meta":{"styles_descriptor":{"styles":{"desktop":"","tablet":"","mobile":""},"google_fonts":[],"version":6}},"_links":{"self":[{"href":"https:\/\/fbaprepcenteritaly.com\/it\/wp-json\/wp\/v2\/pages\/104","targetHints":{"allow":["GET"]}}],"collection":[{"href":"https:\/\/fbaprepcenteritaly.com\/it\/wp-json\/wp\/v2\/pages"}],"about":[{"href":"https:\/\/fbaprepcenteritaly.com\/it\/wp-json\/wp\/v2\/types\/page"}],"author":[{"embeddable":true,"href":"https:\/\/fbaprepcenteritaly.com\/it\/wp-json\/wp\/v2\/users\/1"}],"replies":[{"embeddable":true,"href":"https:\/\/fbaprepcenteritaly.com\/it\/wp-json\/wp\/v2\/comments?post=104"}],"version-history":[{"count":138,"href":"https:\/\/fbaprepcenteritaly.com\/it\/wp-json\/wp\/v2\/pages\/104\/revisions"}],"predecessor-version":[{"id":1223,"href":"https:\/\/fbaprepcenteritaly.com\/it\/wp-json\/wp\/v2\/pages\/104\/revisions\/1223"}],"wp:attachment":[{"href":"https:\/\/fbaprepcenteritaly.com\/it\/wp-json\/wp\/v2\/media?parent=104"}],"curies":[{"name":"wp","href":"https:\/\/api.w.org\/{rel}","templated":true}]}}